{"id":14,"date":"2022-05-26T23:51:56","date_gmt":"2022-05-27T02:51:56","guid":{"rendered":"https:\/\/hawk.digital\/conteudo\/?page_id=14"},"modified":"2024-04-15T11:40:45","modified_gmt":"2024-04-15T14:40:45","slug":"conteudo","status":"publish","type":"page","link":"https:\/\/hawk.digital\/conteudo\/","title":{"rendered":"Conte\u00fado"},"content":{"rendered":"\t\t<div data-elementor-type=\"wp-page\" data-elementor-id=\"14\" class=\"elementor elementor-14\" data-elementor-settings=\"{&quot;element_pack_global_tooltip_width&quot;:{&quot;unit&quot;:&quot;px&quot;,&quot;size&quot;:&quot;&quot;,&quot;sizes&quot;:[]},&quot;element_pack_global_tooltip_width_laptop&quot;:{&quot;unit&quot;:&quot;px&quot;,&quot;size&quot;:&quot;&quot;,&quot;sizes&quot;:[]},&quot;element_pack_global_tooltip_width_tablet&quot;:{&quot;unit&quot;:&quot;px&quot;,&quot;size&quot;:&quot;&quot;,&quot;sizes&quot;:[]},&quot;element_pack_global_tooltip_width_mobile&quot;:{&quot;unit&quot;:&quot;px&quot;,&quot;size&quot;:&quot;&quot;,&quot;sizes&quot;:[]},&quot;element_pack_global_tooltip_padding&quot;:{&quot;unit&quot;:&quot;px&quot;,&quot;top&quot;:&quot;&quot;,&quot;right&quot;:&quot;&quot;,&quot;bottom&quot;:&quot;&quot;,&quot;left&quot;:&quot;&quot;,&quot;isLinked&quot;:true},&quot;element_pack_global_tooltip_padding_laptop&quot;:{&quot;unit&quot;:&quot;px&quot;,&quot;top&quot;:&quot;&quot;,&quot;right&quot;:&quot;&quot;,&quot;bottom&quot;:&quot;&quot;,&quot;left&quot;:&quot;&quot;,&quot;isLinked&quot;:true},&quot;element_pack_global_tooltip_padding_tablet&quot;:{&quot;unit&quot;:&quot;px&quot;,&quot;top&quot;:&quot;&quot;,&quot;right&quot;:&quot;&quot;,&quot;bottom&quot;:&quot;&quot;,&quot;left&quot;:&quot;&quot;,&quot;isLinked&quot;:true},&quot;element_pack_global_tooltip_padding_mobile&quot;:{&quot;unit&quot;:&quot;px&quot;,&quot;top&quot;:&quot;&quot;,&quot;right&quot;:&quot;&quot;,&quot;bottom&quot;:&quot;&quot;,&quot;left&quot;:&quot;&quot;,&quot;isLinked&quot;:true},&quot;element_pack_global_tooltip_border_radius&quot;:{&quot;unit&quot;:&quot;px&quot;,&quot;top&quot;:&quot;&quot;,&quot;right&quot;:&quot;&quot;,&quot;bottom&quot;:&quot;&quot;,&quot;left&quot;:&quot;&quot;,&quot;isLinked&quot;:true},&quot;element_pack_global_tooltip_border_radius_laptop&quot;:{&quot;unit&quot;:&quot;px&quot;,&quot;top&quot;:&quot;&quot;,&quot;right&quot;:&quot;&quot;,&quot;bottom&quot;:&quot;&quot;,&quot;left&quot;:&quot;&quot;,&quot;isLinked&quot;:true},&quot;element_pack_global_tooltip_border_radius_tablet&quot;:{&quot;unit&quot;:&quot;px&quot;,&quot;top&quot;:&quot;&quot;,&quot;right&quot;:&quot;&quot;,&quot;bottom&quot;:&quot;&quot;,&quot;left&quot;:&quot;&quot;,&quot;isLinked&quot;:true},&quot;element_pack_global_tooltip_border_radius_mobile&quot;:{&quot;unit&quot;:&quot;px&quot;,&quot;top&quot;:&quot;&quot;,&quot;right&quot;:&quot;&quot;,&quot;bottom&quot;:&quot;&quot;,&quot;left&quot;:&quot;&quot;,&quot;isLinked&quot;:true}}\" data-elementor-post-type=\"page\">\n\t\t\t\t\t\t<section class=\"elementor-section elementor-top-section elementor-element elementor-element-845d6b1 elementor-section-boxed elementor-section-height-default elementor-section-height-default\" data-id=\"845d6b1\" data-element_type=\"section\">\n\t\t\t\t\t\t<div class=\"elementor-container elementor-column-gap-default\">\n\t\t\t\t\t<div class=\"elementor-column elementor-col-66 elementor-top-column elementor-element elementor-element-99f5620\" data-id=\"99f5620\" data-element_type=\"column\">\n\t\t\t<div class=\"elementor-widget-wrap elementor-element-populated\">\n\t\t\t\t\t\t<div class=\"elementor-element elementor-element-41cca81 elementor-widget elementor-widget-heading\" data-id=\"41cca81\" data-element_type=\"widget\" data-widget_type=\"heading.default\">\n\t\t\t\t<div class=\"elementor-widget-container\">\n\t\t\t\t\t<p class=\"elementor-heading-title elementor-size-default\">[wpseo_breadcrumb]<\/p>\t\t\t\t<\/div>\n\t\t\t\t<\/div>\n\t\t\t\t<div class=\"elementor-element elementor-element-1146a01 posts elementor-widget elementor-widget-bdt-post-grid\" data-id=\"1146a01\" data-element_type=\"widget\" data-settings=\"{&quot;columns&quot;:&quot;2&quot;,&quot;columns_tablet&quot;:&quot;2&quot;,&quot;columns_mobile&quot;:&quot;1&quot;}\" data-widget_type=\"bdt-post-grid.bdt-harold\">\n\t\t\t\t<div class=\"elementor-widget-container\">\n\t\t\t\t\t \n\t\t<div id=\"bdt-post-grid-1146a01\" class=\"bdt-post-grid bdt-post-grid-skin-harold\">\n\t  \t\t<div class=\"bdt-grid bdt-grid-medium bdt-grid-small\" data-bdt-grid=\"\" bdt-height-match=\"target: &gt; div ~ div .bdt-post-grid-desc\">\n\n\t\t\t\t\t  \t\t\t\n\t\t  \t\t\t<div class=\" bdt-width-1-1@m bdt-width-1-1@s bdt-width-1-1 bdt-primary bdt-text-center\">\n\t\t\t\t\t\t\t\t<div class=\"bdt-post-grid-item bdt-transition-toggle bdt-position-relative bdt-box-shadow-small\">\t\t\t\t\t\t\t\t\n\t\t\t<div class=\"bdt-post-grid-img-wrap bdt-overflow-hidden\">\n\t\t\t\t<a href=\"https:\/\/hawk.digital\/conteudo\/agile-mindset-como-aplicar-transformar-sua-forma-de-trabalhar\/\" class=\"bdt-transition-scale-up bdt-background-cover bdt-transition-opaque bdt-flex\" title=\"Agile Mindset: o que \u00e9, como aplicar e por que vai transformar sua forma de trabalhar.\" style=\"background-image: url(https:\/\/hawk.digital\/conteudo\/wp-content\/uploads\/2025\/05\/mindset-scaled.jpg)\">\n  \t\t\t\t<\/a>\n\t\t\t<\/div>\n\t  \t\t\n\t  \t\t<div class=\"bdt-post-grid-desc bdt-padding\">\n\t\t\t\t<h3 class=\"bdt-post-grid-title\">\n\t\t\t\t<a href=\"https:\/\/hawk.digital\/conteudo\/agile-mindset-como-aplicar-transformar-sua-forma-de-trabalhar\/\" class=\"bdt-post-grid-link\" title=\"Agile Mindset: o que \u00e9, como aplicar e por que vai transformar sua forma de trabalhar.\">\n\t\t\t\t\tAgile Mindset: o que \u00e9, como aplicar e por que vai transformar sua forma de trabalhar.\n\t\t\t\t<\/a>\n\t\t\t<\/h3>\n\t\t\t\t\t\t<div class=\"bdt-post-grid-excerpt\">\n\t\t\t<p>O que \u00e9 Agile Mindset? Defini\u00e7\u00e3o e Conceito Agile Mindset \u00e9 uma forma de pensar que valoriza a adaptabilidade, a colabora\u00e7\u00e3o, a transpar\u00eancia e o aprendizado cont\u00ednuo. Mais do que adotar metodologias \u00e1geis, \u00e9 sobre incorporar princ\u00edpios que colocam o<\/p>\n\t\t<\/div>\n\n\t\t\t\t\t\t\t\t<div>\n\t\t\t<a href=\"https:\/\/hawk.digital\/conteudo\/agile-mindset-como-aplicar-transformar-sua-forma-de-trabalhar\/\"\n\t\t\t\tclass=\"bdt-post-grid-readmore bdt-display-inline-block \">\n\t\t\t\t\t\n\t\t\t\t\t\t\t\t\t<span class=\"bdt-button-icon-align-left\">\n\t\n\t\t\t\t\t\t<svg aria-hidden=\"true\" class=\"fa-fw e-font-icon-svg e-fas-chevron-right\" viewBox=\"0 0 320 512\" xmlns=\"http:\/\/www.w3.org\/2000\/svg\"><path d=\"M285.476 272.971L91.132 467.314c-9.373 9.373-24.569 9.373-33.941 0l-22.667-22.667c-9.357-9.357-9.375-24.522-.04-33.901L188.505 256 34.484 101.255c-9.335-9.379-9.317-24.544.04-33.901l22.667-22.667c9.373-9.373 24.569-9.373 33.941 0L285.475 239.03c9.373 9.372 9.373 24.568.001 33.941z\"><\/path><\/svg>\t\n\t\t\t\t\t<\/span>\n\t\t\t\t\t\t\t<\/a>\n\t\t<\/div>\n\t\t\t\t\t<\/div>\n\n\t\t\t\n\t\t\t\t\t<div class=\"bdt-post-grid-category bdt-position-small bdt-position-top-right\">\n\t\t\t<a href=\"https:\/\/hawk.digital\/conteudo\/category\/nao-categorizado\/\">N\u00e3o categorizado<\/a>\t\t<\/div>\n\t\t\t\t<\/div>\n\t\t\t\t\t\t\t<\/div>\n\t\t\t\t\t  \t\t\t\n\t\t  \t\t\t<div class=\" bdt-width-1-2@m bdt-width-1-2@s bdt-width-1-1 bdt-secondary\">\n\t\t\t\t\t\t\t\t<div class=\"bdt-post-grid-item bdt-transition-toggle bdt-position-relative bdt-box-shadow-small\">\t\t\t\t\t\t\t\t\n\t\t\t<div class=\"bdt-post-grid-img-wrap bdt-overflow-hidden\">\n\t\t\t\t<a href=\"https:\/\/hawk.digital\/conteudo\/funil-de-vendas-no-whatsapp\/\" class=\"bdt-transition-scale-up bdt-background-cover bdt-transition-opaque bdt-flex\" title=\"O que \u00e9 um Funil de Vendas no WhatsApp?\" style=\"background-image: url(https:\/\/hawk.digital\/conteudo\/wp-content\/uploads\/2025\/05\/funil-whatshapp.png)\">\n  \t\t\t\t<\/a>\n\t\t\t<\/div>\n\t  \t\t\n\t  \t\t<div class=\"bdt-post-grid-desc bdt-padding\">\n\t\t\t\t<h3 class=\"bdt-post-grid-title\">\n\t\t\t\t<a href=\"https:\/\/hawk.digital\/conteudo\/funil-de-vendas-no-whatsapp\/\" class=\"bdt-post-grid-link\" title=\"O que \u00e9 um Funil de Vendas no WhatsApp?\">\n\t\t\t\t\tO que \u00e9 um Funil de Vendas no WhatsApp?\n\t\t\t\t<\/a>\n\t\t\t<\/h3>\n\t\t\t\t\t\t<div class=\"bdt-post-grid-excerpt\">\n\t\t\t<p>Defini\u00e7\u00e3o e Conceito O funil de vendas no WhatsApp \u00e9 uma adapta\u00e7\u00e3o do modelo tradicional<\/p>\n\t\t<\/div>\n\n\t\t\t\t\t\t\t\t<div>\n\t\t\t<a href=\"https:\/\/hawk.digital\/conteudo\/funil-de-vendas-no-whatsapp\/\"\n\t\t\t\tclass=\"bdt-post-grid-readmore bdt-display-inline-block \">\n\t\t\t\t\t\n\t\t\t\t\t\t\t\t\t<span class=\"bdt-button-icon-align-left\">\n\t\n\t\t\t\t\t\t<svg aria-hidden=\"true\" class=\"fa-fw e-font-icon-svg e-fas-chevron-right\" viewBox=\"0 0 320 512\" xmlns=\"http:\/\/www.w3.org\/2000\/svg\"><path d=\"M285.476 272.971L91.132 467.314c-9.373 9.373-24.569 9.373-33.941 0l-22.667-22.667c-9.357-9.357-9.375-24.522-.04-33.901L188.505 256 34.484 101.255c-9.335-9.379-9.317-24.544.04-33.901l22.667-22.667c9.373-9.373 24.569-9.373 33.941 0L285.475 239.03c9.373 9.372 9.373 24.568.001 33.941z\"><\/path><\/svg>\t\n\t\t\t\t\t<\/span>\n\t\t\t\t\t\t\t<\/a>\n\t\t<\/div>\n\t\t\t\t\t<\/div>\n\n\t\t\t\n\t\t\t\t\t<div class=\"bdt-post-grid-category bdt-position-small bdt-position-top-right\">\n\t\t\t<a href=\"https:\/\/hawk.digital\/conteudo\/category\/nao-categorizado\/\">N\u00e3o categorizado<\/a>\t\t<\/div>\n\t\t\t\t<\/div>\n\t\t\t\t\t\t\t<\/div>\n\t\t\t\t\t  \t\t\t\n\t\t  \t\t\t<div class=\" bdt-width-1-2@m bdt-width-1-2@s bdt-width-1-1 bdt-secondary\">\n\t\t\t\t\t\t\t\t<div class=\"bdt-post-grid-item bdt-transition-toggle bdt-position-relative bdt-box-shadow-small\">\t\t\t\t\t\t\t\t\n\t\t\t<div class=\"bdt-post-grid-img-wrap bdt-overflow-hidden\">\n\t\t\t\t<a href=\"https:\/\/hawk.digital\/conteudo\/explorando-diferentes-analise-dados-como-utiliza-los-para-maximizar\/\" class=\"bdt-transition-scale-up bdt-background-cover bdt-transition-opaque bdt-flex\" title=\"Explorando os Diferentes Tipos de An\u00e1lise de Dados: Como Utiliz\u00e1-los para Maximizar os Resultados\" style=\"background-image: url(https:\/\/hawk.digital\/conteudo\/wp-content\/uploads\/2025\/04\/diferentes-tipos-de-dados-scaled.jpg)\">\n  \t\t\t\t<\/a>\n\t\t\t<\/div>\n\t  \t\t\n\t  \t\t<div class=\"bdt-post-grid-desc bdt-padding\">\n\t\t\t\t<h3 class=\"bdt-post-grid-title\">\n\t\t\t\t<a href=\"https:\/\/hawk.digital\/conteudo\/explorando-diferentes-analise-dados-como-utiliza-los-para-maximizar\/\" class=\"bdt-post-grid-link\" title=\"Explorando os Diferentes Tipos de An\u00e1lise de Dados: Como Utiliz\u00e1-los para Maximizar os Resultados\">\n\t\t\t\t\tExplorando os Diferentes Tipos de An\u00e1lise de Dados: Como Utiliz\u00e1-los para Maximizar os Resultados\n\t\t\t\t<\/a>\n\t\t\t<\/h3>\n\t\t\t\t\t\t<div class=\"bdt-post-grid-excerpt\">\n\t\t\t<p>O que \u00e9 An\u00e1lise de Dados? A an\u00e1lise de dados \u00e9 o processo de examinar,<\/p>\n\t\t<\/div>\n\n\t\t\t\t\t\t\t\t<div>\n\t\t\t<a href=\"https:\/\/hawk.digital\/conteudo\/explorando-diferentes-analise-dados-como-utiliza-los-para-maximizar\/\"\n\t\t\t\tclass=\"bdt-post-grid-readmore bdt-display-inline-block \">\n\t\t\t\t\t\n\t\t\t\t\t\t\t\t\t<span class=\"bdt-button-icon-align-left\">\n\t\n\t\t\t\t\t\t<svg aria-hidden=\"true\" class=\"fa-fw e-font-icon-svg e-fas-chevron-right\" viewBox=\"0 0 320 512\" xmlns=\"http:\/\/www.w3.org\/2000\/svg\"><path d=\"M285.476 272.971L91.132 467.314c-9.373 9.373-24.569 9.373-33.941 0l-22.667-22.667c-9.357-9.357-9.375-24.522-.04-33.901L188.505 256 34.484 101.255c-9.335-9.379-9.317-24.544.04-33.901l22.667-22.667c9.373-9.373 24.569-9.373 33.941 0L285.475 239.03c9.373 9.372 9.373 24.568.001 33.941z\"><\/path><\/svg>\t\n\t\t\t\t\t<\/span>\n\t\t\t\t\t\t\t<\/a>\n\t\t<\/div>\n\t\t\t\t\t<\/div>\n\n\t\t\t\n\t\t\t\t\t<div class=\"bdt-post-grid-category bdt-position-small bdt-position-top-right\">\n\t\t\t<a href=\"https:\/\/hawk.digital\/conteudo\/category\/marketing-digital\/\">Marketing Digital<\/a> <a href=\"https:\/\/hawk.digital\/conteudo\/category\/vendas\/\">Vendas<\/a>\t\t<\/div>\n\t\t\t\t<\/div>\n\t\t\t\t\t\t\t<\/div>\n\t\t\t\t\t  \t\t\t\n\t\t  \t\t\t<div class=\" bdt-width-1-2@m bdt-width-1-2@s bdt-width-1-1 bdt-secondary\">\n\t\t\t\t\t\t\t\t<div class=\"bdt-post-grid-item bdt-transition-toggle bdt-position-relative bdt-box-shadow-small\">\t\t\t\t\t\t\t\t\n\t\t\t<div class=\"bdt-post-grid-img-wrap bdt-overflow-hidden\">\n\t\t\t\t<a href=\"https:\/\/hawk.digital\/conteudo\/como-utilizar-kpis-para-melhorar-o-desempenho\/\" class=\"bdt-transition-scale-up bdt-background-cover bdt-transition-opaque bdt-flex\" title=\"Como Utilizar KPIs para Melhorar o Desempenho e Alavancar Resultados\" style=\"background-image: url(https:\/\/hawk.digital\/conteudo\/wp-content\/uploads\/2025\/04\/Capa-blog-.png)\">\n  \t\t\t\t<\/a>\n\t\t\t<\/div>\n\t  \t\t\n\t  \t\t<div class=\"bdt-post-grid-desc bdt-padding\">\n\t\t\t\t<h3 class=\"bdt-post-grid-title\">\n\t\t\t\t<a href=\"https:\/\/hawk.digital\/conteudo\/como-utilizar-kpis-para-melhorar-o-desempenho\/\" class=\"bdt-post-grid-link\" title=\"Como Utilizar KPIs para Melhorar o Desempenho e Alavancar Resultados\">\n\t\t\t\t\tComo Utilizar KPIs para Melhorar o Desempenho e Alavancar Resultados\n\t\t\t\t<\/a>\n\t\t\t<\/h3>\n\t\t\t\t\t\t<div class=\"bdt-post-grid-excerpt\">\n\t\t\t<p>O que s\u00e3o Indicadores-Chave de Desempenho (KPIs)? Os Indicadores-Chave de Desempenho (KPIs) s\u00e3o m\u00e9tricas quantific\u00e1veis<\/p>\n\t\t<\/div>\n\n\t\t\t\t\t\t\t\t<div>\n\t\t\t<a href=\"https:\/\/hawk.digital\/conteudo\/como-utilizar-kpis-para-melhorar-o-desempenho\/\"\n\t\t\t\tclass=\"bdt-post-grid-readmore bdt-display-inline-block \">\n\t\t\t\t\t\n\t\t\t\t\t\t\t\t\t<span class=\"bdt-button-icon-align-left\">\n\t\n\t\t\t\t\t\t<svg aria-hidden=\"true\" class=\"fa-fw e-font-icon-svg e-fas-chevron-right\" viewBox=\"0 0 320 512\" xmlns=\"http:\/\/www.w3.org\/2000\/svg\"><path d=\"M285.476 272.971L91.132 467.314c-9.373 9.373-24.569 9.373-33.941 0l-22.667-22.667c-9.357-9.357-9.375-24.522-.04-33.901L188.505 256 34.484 101.255c-9.335-9.379-9.317-24.544.04-33.901l22.667-22.667c9.373-9.373 24.569-9.373 33.941 0L285.475 239.03c9.373 9.372 9.373 24.568.001 33.941z\"><\/path><\/svg>\t\n\t\t\t\t\t<\/span>\n\t\t\t\t\t\t\t<\/a>\n\t\t<\/div>\n\t\t\t\t\t<\/div>\n\n\t\t\t\n\t\t\t\t\t<div class=\"bdt-post-grid-category bdt-position-small bdt-position-top-right\">\n\t\t\t<a href=\"https:\/\/hawk.digital\/conteudo\/category\/nao-categorizado\/\">N\u00e3o categorizado<\/a>\t\t<\/div>\n\t\t\t\t<\/div>\n\t\t\t\t\t\t\t<\/div>\n\t\t\t\t\t  \t\t\t\n\t\t  \t\t\t<div class=\" bdt-width-1-2@m bdt-width-1-2@s bdt-width-1-1 bdt-secondary\">\n\t\t\t\t\t\t\t\t<div class=\"bdt-post-grid-item bdt-transition-toggle bdt-position-relative bdt-box-shadow-small\">\t\t\t\t\t\t\t\t\n\t\t\t<div class=\"bdt-post-grid-img-wrap bdt-overflow-hidden\">\n\t\t\t\t<a href=\"https:\/\/hawk.digital\/conteudo\/pagina-presell-como-impulsionar-suas-vendas\/\" class=\"bdt-transition-scale-up bdt-background-cover bdt-transition-opaque bdt-flex\" title=\"O que \u00e9 uma P\u00e1gina Presell e Como Ela Pode Impulsionar Suas Vendas\" style=\"background-image: url(https:\/\/hawk.digital\/conteudo\/wp-content\/uploads\/2025\/02\/aquecimento-de-lead-scaled.jpg)\">\n  \t\t\t\t<\/a>\n\t\t\t<\/div>\n\t  \t\t\n\t  \t\t<div class=\"bdt-post-grid-desc bdt-padding\">\n\t\t\t\t<h3 class=\"bdt-post-grid-title\">\n\t\t\t\t<a href=\"https:\/\/hawk.digital\/conteudo\/pagina-presell-como-impulsionar-suas-vendas\/\" class=\"bdt-post-grid-link\" title=\"O que \u00e9 uma P\u00e1gina Presell e Como Ela Pode Impulsionar Suas Vendas\">\n\t\t\t\t\tO que \u00e9 uma P\u00e1gina Presell e Como Ela Pode Impulsionar Suas Vendas\n\t\t\t\t<\/a>\n\t\t\t<\/h3>\n\t\t\t\t\t\t<div class=\"bdt-post-grid-excerpt\">\n\t\t\t<p>Uma p\u00e1gina presell \u00e9 uma p\u00e1gina de pr\u00e9-venda que antecede a p\u00e1gina de vendas principal.<\/p>\n\t\t<\/div>\n\n\t\t\t\t\t\t\t\t<div>\n\t\t\t<a href=\"https:\/\/hawk.digital\/conteudo\/pagina-presell-como-impulsionar-suas-vendas\/\"\n\t\t\t\tclass=\"bdt-post-grid-readmore bdt-display-inline-block \">\n\t\t\t\t\t\n\t\t\t\t\t\t\t\t\t<span class=\"bdt-button-icon-align-left\">\n\t\n\t\t\t\t\t\t<svg aria-hidden=\"true\" class=\"fa-fw e-font-icon-svg e-fas-chevron-right\" viewBox=\"0 0 320 512\" xmlns=\"http:\/\/www.w3.org\/2000\/svg\"><path d=\"M285.476 272.971L91.132 467.314c-9.373 9.373-24.569 9.373-33.941 0l-22.667-22.667c-9.357-9.357-9.375-24.522-.04-33.901L188.505 256 34.484 101.255c-9.335-9.379-9.317-24.544.04-33.901l22.667-22.667c9.373-9.373 24.569-9.373 33.941 0L285.475 239.03c9.373 9.372 9.373 24.568.001 33.941z\"><\/path><\/svg>\t\n\t\t\t\t\t<\/span>\n\t\t\t\t\t\t\t<\/a>\n\t\t<\/div>\n\t\t\t\t\t<\/div>\n\n\t\t\t\n\t\t\t\t\t<div class=\"bdt-post-grid-category bdt-position-small bdt-position-top-right\">\n\t\t\t<a href=\"https:\/\/hawk.digital\/conteudo\/category\/marketing-digital\/\">Marketing Digital<\/a> <a href=\"https:\/\/hawk.digital\/conteudo\/category\/pessoas-e-cultura\/\">Pessoas e Cultura<\/a> <a href=\"https:\/\/hawk.digital\/conteudo\/category\/vendas\/\">Vendas<\/a>\t\t<\/div>\n\t\t\t\t<\/div>\n\t\t\t\t\t\t\t<\/div>\n\t\t\t\t\t\t\t<\/div>\n\t\t<\/div>\t\n \t\t\t\t\t<div class=\"ep-pagination\">\n\t\t\t\t<ul class=\"bdt-pagination bdt-flex-center\">\n<li class=\"bdt-active\"><a href=\"https:\/\/hawk.digital\/conteudo\/wp-json\/wp\/v2\/pages\/14\/\">1<\/a><\/li>\n<li><a href=\"https:\/\/hawk.digital\/conteudo\/wp-json\/wp\/v2\/pages\/14\/page\/2\/\">2<\/a><\/li>\n<li><a href=\"https:\/\/hawk.digital\/conteudo\/wp-json\/wp\/v2\/pages\/14\/page\/3\/\">3<\/a><\/li>\n<li class=\"bdt-pagination-dot-dot\"><span>...<\/span><\/li>\n<li><a href=\"https:\/\/hawk.digital\/conteudo\/wp-json\/wp\/v2\/pages\/14\/page\/12\/\">12<\/a><\/li>\n<\/ul>\n\t\t\t<\/div>\n\t\t\t\t\t\t\t<\/div>\n\t\t\t\t<\/div>\n\t\t\t\t\t<\/div>\n\t\t<\/div>\n\t\t\t\t<div class=\"elementor-column elementor-col-33 elementor-top-column elementor-element elementor-element-9780723\" data-id=\"9780723\" data-element_type=\"column\">\n\t\t\t<div class=\"elementor-widget-wrap elementor-element-populated\">\n\t\t\t\t\t\t<div class=\"elementor-element elementor-element-f12e14e elementor-widget elementor-widget-heading\" data-id=\"f12e14e\" data-element_type=\"widget\" data-widget_type=\"heading.default\">\n\t\t\t\t<div class=\"elementor-widget-container\">\n\t\t\t\t\t<h2 class=\"elementor-heading-title elementor-size-default\">Categorias<\/h2>\t\t\t\t<\/div>\n\t\t\t\t<\/div>\n\t\t\t\t<div class=\"elementor-element elementor-element-5595486 list-category elementor-widget elementor-widget-wp-widget-categories\" data-id=\"5595486\" data-element_type=\"widget\" data-widget_type=\"wp-widget-categories.default\">\n\t\t\t\t<div class=\"elementor-widget-container\">\n\t\t\t\t\t<h5>Categorias<\/h5><nav aria-label=\"Categorias\">\n\t\t\t<ul>\n\t\t\t\t\t<li class=\"cat-item cat-item-187\"><a href=\"https:\/\/hawk.digital\/conteudo\/category\/creative\/\">Creative<\/a>\n<\/li>\n\t<li class=\"cat-item cat-item-188\"><a href=\"https:\/\/hawk.digital\/conteudo\/category\/digital\/\">Digital<\/a>\n<\/li>\n\t<li class=\"cat-item cat-item-114\"><a href=\"https:\/\/hawk.digital\/conteudo\/category\/growth-marketing\/\">Growth Marketing<\/a>\n<\/li>\n\t<li class=\"cat-item cat-item-189\"><a href=\"https:\/\/hawk.digital\/conteudo\/category\/marketing\/\">Marketing<\/a>\n<\/li>\n\t<li class=\"cat-item cat-item-146\"><a href=\"https:\/\/hawk.digital\/conteudo\/category\/marketing-digital\/\">Marketing Digital<\/a>\n<\/li>\n\t<li class=\"cat-item cat-item-1\"><a href=\"https:\/\/hawk.digital\/conteudo\/category\/nao-categorizado\/\">N\u00e3o categorizado<\/a>\n<\/li>\n\t<li class=\"cat-item cat-item-56\"><a href=\"https:\/\/hawk.digital\/conteudo\/category\/pessoas-e-cultura\/\">Pessoas e Cultura<\/a>\n<\/li>\n\t<li class=\"cat-item cat-item-36\"><a href=\"https:\/\/hawk.digital\/conteudo\/category\/vendas\/\">Vendas<\/a>\n<\/li>\n\t<li class=\"cat-item cat-item-153\"><a href=\"https:\/\/hawk.digital\/conteudo\/category\/web-design\/\">Web Design<\/a>\n<\/li>\n\t\t\t<\/ul>\n\n\t\t\t<\/nav>\t\t\t\t<\/div>\n\t\t\t\t<\/div>\n\t\t\t\t<div class=\"elementor-element elementor-element-43efcfc elementor-widget elementor-widget-heading\" data-id=\"43efcfc\" data-element_type=\"widget\" data-widget_type=\"heading.default\">\n\t\t\t\t<div class=\"elementor-widget-container\">\n\t\t\t\t\t<h2 class=\"elementor-heading-title elementor-size-default\">Postagens recentes<\/h2>\t\t\t\t<\/div>\n\t\t\t\t<\/div>\n\t\t\t\t<div class=\"elementor-element elementor-element-6dc688f elementor-grid-1 elementor-posts--thumbnail-none list-posts elementor-grid-tablet-2 elementor-grid-mobile-1 elementor-widget elementor-widget-global elementor-global-456 elementor-widget-posts\" data-id=\"6dc688f\" data-element_type=\"widget\" data-settings=\"{&quot;classic_columns&quot;:&quot;1&quot;,&quot;classic_columns_tablet&quot;:&quot;2&quot;,&quot;classic_columns_mobile&quot;:&quot;1&quot;,&quot;classic_row_gap&quot;:{&quot;unit&quot;:&quot;px&quot;,&quot;size&quot;:35,&quot;sizes&quot;:[]},&quot;classic_row_gap_laptop&quot;:{&quot;unit&quot;:&quot;px&quot;,&quot;size&quot;:&quot;&quot;,&quot;sizes&quot;:[]},&quot;classic_row_gap_tablet&quot;:{&quot;unit&quot;:&quot;px&quot;,&quot;size&quot;:&quot;&quot;,&quot;sizes&quot;:[]},&quot;classic_row_gap_mobile&quot;:{&quot;unit&quot;:&quot;px&quot;,&quot;size&quot;:&quot;&quot;,&quot;sizes&quot;:[]}}\" data-widget_type=\"posts.classic\">\n\t\t\t\t<div class=\"elementor-widget-container\">\n\t\t\t\t\t\t\t<div class=\"elementor-posts-container elementor-posts elementor-posts--skin-classic elementor-grid\">\n\t\t\t\t<article class=\"elementor-post elementor-grid-item post-5105 post type-post status-publish format-standard has-post-thumbnail hentry category-nao-categorizado\">\n\t\t\t\t<div class=\"elementor-post__text\">\n\t\t\t\t<h3 class=\"elementor-post__title\">\n\t\t\t<a href=\"https:\/\/hawk.digital\/conteudo\/agile-mindset-como-aplicar-transformar-sua-forma-de-trabalhar\/\" >\n\t\t\t\tAgile Mindset: o que \u00e9, como aplicar e por que vai transformar sua forma de trabalhar.\t\t\t<\/a>\n\t\t<\/h3>\n\t\t\t\t<div class=\"elementor-post__excerpt\">\n\t\t\t<p>O que \u00e9 Agile Mindset? Defini\u00e7\u00e3o e<\/p>\n\t\t<\/div>\n\t\t\t\t<\/div>\n\t\t\t\t<\/article>\n\t\t\t\t<article class=\"elementor-post elementor-grid-item post-5101 post type-post status-publish format-standard has-post-thumbnail hentry category-nao-categorizado\">\n\t\t\t\t<div class=\"elementor-post__text\">\n\t\t\t\t<h3 class=\"elementor-post__title\">\n\t\t\t<a href=\"https:\/\/hawk.digital\/conteudo\/funil-de-vendas-no-whatsapp\/\" >\n\t\t\t\tO que \u00e9 um Funil de Vendas no WhatsApp?\t\t\t<\/a>\n\t\t<\/h3>\n\t\t\t\t<div class=\"elementor-post__excerpt\">\n\t\t\t<p>Defini\u00e7\u00e3o e Conceito O funil de vendas<\/p>\n\t\t<\/div>\n\t\t\t\t<\/div>\n\t\t\t\t<\/article>\n\t\t\t\t<article class=\"elementor-post elementor-grid-item post-5088 post type-post status-publish format-standard has-post-thumbnail hentry category-marketing-digital category-vendas\">\n\t\t\t\t<div class=\"elementor-post__text\">\n\t\t\t\t<h3 class=\"elementor-post__title\">\n\t\t\t<a href=\"https:\/\/hawk.digital\/conteudo\/explorando-diferentes-analise-dados-como-utiliza-los-para-maximizar\/\" >\n\t\t\t\tExplorando os Diferentes Tipos de An\u00e1lise de Dados: Como Utiliz\u00e1-los para Maximizar os Resultados\t\t\t<\/a>\n\t\t<\/h3>\n\t\t\t\t<div class=\"elementor-post__excerpt\">\n\t\t\t<p>O que \u00e9 An\u00e1lise de Dados? A<\/p>\n\t\t<\/div>\n\t\t\t\t<\/div>\n\t\t\t\t<\/article>\n\t\t\t\t<article class=\"elementor-post elementor-grid-item post-5084 post type-post status-publish format-standard has-post-thumbnail hentry category-nao-categorizado tag-desempenho tag-kpis tag-marketing-vendas\">\n\t\t\t\t<div class=\"elementor-post__text\">\n\t\t\t\t<h3 class=\"elementor-post__title\">\n\t\t\t<a href=\"https:\/\/hawk.digital\/conteudo\/como-utilizar-kpis-para-melhorar-o-desempenho\/\" >\n\t\t\t\tComo Utilizar KPIs para Melhorar o Desempenho e Alavancar Resultados\t\t\t<\/a>\n\t\t<\/h3>\n\t\t\t\t<div class=\"elementor-post__excerpt\">\n\t\t\t<p>O que s\u00e3o Indicadores-Chave de Desempenho (KPIs)?<\/p>\n\t\t<\/div>\n\t\t\t\t<\/div>\n\t\t\t\t<\/article>\n\t\t\t\t<article class=\"elementor-post elementor-grid-item post-5073 post type-post status-publish format-standard has-post-thumbnail hentry category-marketing-digital category-pessoas-e-cultura category-vendas\">\n\t\t\t\t<div class=\"elementor-post__text\">\n\t\t\t\t<h3 class=\"elementor-post__title\">\n\t\t\t<a href=\"https:\/\/hawk.digital\/conteudo\/pagina-presell-como-impulsionar-suas-vendas\/\" >\n\t\t\t\tO que \u00e9 uma P\u00e1gina Presell e Como Ela Pode Impulsionar Suas Vendas\t\t\t<\/a>\n\t\t<\/h3>\n\t\t\t\t<div class=\"elementor-post__excerpt\">\n\t\t\t<p>Uma p\u00e1gina presell \u00e9 uma p\u00e1gina de<\/p>\n\t\t<\/div>\n\t\t\t\t<\/div>\n\t\t\t\t<\/article>\n\t\t\t\t<\/div>\n\t\t\n\t\t\t\t\t\t<\/div>\n\t\t\t\t<\/div>\n\t\t\t\t<div class=\"elementor-element elementor-element-c5a7c9d elementor-search-form-skin-default elementor-widget elementor-widget-bdt-search\" data-id=\"c5a7c9d\" data-element_type=\"widget\" data-widget_type=\"bdt-search.default\">\n\t\t\t\t<div class=\"elementor-widget-container\">\n\t\t\t\t\t\t\t<div class=\"bdt-search-container\">\n\t\t\t\n\t\t\t\n\t\t\t<form class=\"bdt-search bdt-search-default\" role=\"search\" method=\"get\" action=\"https:\/\/hawk.digital\/conteudo\/\">\n\t\t\t\t<div class=\"bdt-position-relative\">\n\t\t\t\t\t<span class=\"bdt-search-icon-flip\" data-bdt-search-icon><\/span>\t\t\t\t\t\t\t\t\t\t\t<input name=\"post_type\" id=\"post_type\" type=\"hidden\" value=\"post\">\n\t\t\t\t\t\t\t\t\t\t<input placeholder=\"Buscar\" class=\"bdt-search-input\" type=\"search\" name=\"s\" title=\"Search\" value=\"\">\n\t\t\t\t\t\t\t\t\t<\/div>\n\n\n\t\t\t\t\t\t\t<\/form>\n\n\t\t\t\t<\/div>\n\t\t\t\t\t\t<\/div>\n\t\t\t\t<\/div>\n\t\t\t\t\t<\/div>\n\t\t<\/div>\n\t\t\t\t\t<\/div>\n\t\t<\/section>\n\t\t\t\t<\/div>\n\t\t","protected":false},"excerpt":{"rendered":"<p>[wpseo_breadcrumb] 7 Estrat\u00e9gias de vendas vencedoras As 7 estra\u00e9gias de vendas s\u00e3o: PlayBook, autoridade, contornar obje\u00e7\u00f5es, senso de urg\u00eancia, planejamento de rotina, IA e funil de vendas, todas s\u00e3o ess\u00eancias para aumentar o seu faturamento. Vendas Equipe de vendas: o passo a passo para estruturar um time de alta performance Ter uma equipe de vendas [&hellip;]<\/p>\n","protected":false},"author":1,"featured_media":0,"parent":0,"menu_order":0,"comment_status":"closed","ping_status":"closed","template":"","meta":{"footnotes":""},"class_list":["post-14","page","type-page","status-publish","hentry"],"_links":{"self":[{"href":"https:\/\/hawk.digital\/conteudo\/wp-json\/wp\/v2\/pages\/14","targetHints":{"allow":["GET"]}}],"collection":[{"href":"https:\/\/hawk.digital\/conteudo\/wp-json\/wp\/v2\/pages"}],"about":[{"href":"https:\/\/hawk.digital\/conteudo\/wp-json\/wp\/v2\/types\/page"}],"author":[{"embeddable":true,"href":"https:\/\/hawk.digital\/conteudo\/wp-json\/wp\/v2\/users\/1"}],"replies":[{"embeddable":true,"href":"https:\/\/hawk.digital\/conteudo\/wp-json\/wp\/v2\/comments?post=14"}],"version-history":[{"count":148,"href":"https:\/\/hawk.digital\/conteudo\/wp-json\/wp\/v2\/pages\/14\/revisions"}],"predecessor-version":[{"id":4186,"href":"https:\/\/hawk.digital\/conteudo\/wp-json\/wp\/v2\/pages\/14\/revisions\/4186"}],"wp:attachment":[{"href":"https:\/\/hawk.digital\/conteudo\/wp-json\/wp\/v2\/media?parent=14"}],"curies":[{"name":"wp","href":"https:\/\/api.w.org\/{rel}","templated":true}]}}